{"id":332,"date":"2022-10-21T00:39:04","date_gmt":"2022-10-20T21:39:04","guid":{"rendered":"https:\/\/drozgurbinbas.com\/biyografi-2\/"},"modified":"2022-11-30T13:07:49","modified_gmt":"2022-11-30T10:07:49","slug":"biography","status":"publish","type":"page","link":"https:\/\/drozgurbinbas.com\/en\/biography\/","title":{"rendered":"Biography"},"content":{"rendered":"<section class=\"wpb-content-wrapper\"><p>[vc_row css=&#8221;.vc_custom_1666629054318{margin-bottom: 20px !important;}&#8221;][vc_column][vc_column_text]<\/p>\r\n<h3 style=\"text-align: center;\"><strong>Dr.\u00d6zg\u00fcr Binba\u015f<\/strong><\/h3>\r\n<h3 style=\"text-align: center;\"><\/h3>\r\n<h3 style=\"text-align: center;\">Orthopedics and traumatology specialists<\/h3>\r\n<p>[\/vc_column_text][\/vc_column][\/vc_row][vc_row equal_height=&#8221;yes&#8221; content_placement=&#8221;middle&#8221;][vc_column width=&#8221;1\/2&#8243; css=&#8221;.vc_custom_1666619138157{margin-top: 0px !important;margin-right: 0px !important;margin-bottom: 0px !important;margin-left: 0px !important;background-color: #2f425d !important;}&#8221;][vc_column_text css=&#8221;.vc_custom_1669799531962{padding-top: 20px !important;padding-right: 20px !important;padding-bottom: 20px !important;padding-left: 20px !important;}&#8221;]<\/p>\r\n<p><span style=\"color: #ffffff;\">He was born in U\u015fak in 1977 and grew up in different cities in Turkey due to his father&#8217;s work. <\/span><\/p>\r\n<p><span style=\"color: #ffffff;\">He received his medical degree from Izmir Dokuz Eylul University Training and Research Hospital in 2001. He completed his orthopedics and traumatology specialization training in the same hospital and became an orthopedics and traumatology specialist in January 2008. .<\/span><\/p>\r\n<p><span style=\"color: #ffffff;\">Although prosthetic surgery and arthroscopic joint surgery are his primary focus, he also performs general orthopedic applications such as the treatment of bone fractures and deformity surgery.<\/span><\/p>\r\n<p>&nbsp;<\/p>\r\n<p>[\/vc_column_text][\/vc_column][vc_column width=&#8221;1\/2&#8243; css=&#8221;.vc_custom_1666639827695{margin-top: 0px !important;margin-right: 0px !important;margin-bottom: 0px !important;margin-left: 0px !important;padding-top: 0px !important;padding-right: 0px !important;padding-bottom: 0px !important;padding-left: 0px !important;background-image: url(http:\/\/drozgurbinbas.com\/wp-content\/uploads\/2022\/10\/10-Ok.jpg?id=208) !important;}&#8221; el_class=&#8221;aboutbg&#8221;][\/vc_column][\/vc_row][vc_row css=&#8221;.vc_custom_1666624742786{margin-top: 50px !important;}&#8221;][vc_column width=&#8221;1\/2&#8243;][vc_column_text]<\/p>\r\n<h3>Academic and scientific activities<\/h3>\r\n<p>&nbsp;<\/p>\r\n<p>&#8211; TOTBID Ilizarov applications training<br \/>&#8211; Training for monolateral external fixator applications<br \/>&#8211; Shoulder and Elbow Surgery Association core curriculum training program<br \/>&#8211; Basic arthroplasty training<br \/>&#8211; AO Basic Trauma Training<br \/>&#8211; AO Advanced Trauma Education<br \/>&#8211; TOTEK XVIII. Basic arthroscopy training in the knee joint<br \/>&#8211; TOTEK VIII. Cadaver shoulder arthroscopy training<\/p>\r\n<p>[\/vc_column_text][\/vc_column][vc_column width=&#8221;1\/2&#8243;][vc_row_inner][vc_column_inner][vc_column_text]<\/p>\r\n<h3>Scientific Organizations and Memberships<\/h3>\r\n<p>[\/vc_column_text][\/vc_column_inner][\/vc_row_inner][vc_row_inner][vc_column_inner width=&#8221;1\/4&#8243;][vc_single_image image=&#8221;272&#8243;][\/vc_column_inner][vc_column_inner width=&#8221;3\/4&#8243;][vc_column_text]<\/p>\r\n<p>Turkish Medical Association,<\/p>\r\n<p>Istanbul Medical Chamber<\/p>\r\n<p>[\/vc_column_text][\/vc_column_inner][\/vc_row_inner][vc_row_inner][vc_column_inner width=&#8221;1\/4&#8243;][vc_single_image image=&#8221;271&#8243;][\/vc_column_inner][vc_column_inner width=&#8221;3\/4&#8243;][vc_column_text]<\/p>\r\n<p>Turkish Orthopedics and<\/p>\r\n<p>Traumatology Association<\/p>\r\n<p>[\/vc_column_text][\/vc_column_inner][\/vc_row_inner][\/vc_column][\/vc_row]<\/p><!-- \/wp:post-content --><\/section>","protected":false},"excerpt":{"rendered":"<p>[vc_row css=&#8221;.vc_custom_1666629054318{margin-bottom: 20px !important;}&#8221;][vc_column][vc_column_text] Dr.\u00d6zg\u00fcr Binba\u015f Orthopedics and traumatology specialists [\/vc_column_text][\/vc_column][\/vc_row][vc_row equal_height=&#8221;yes&#8221; content_placement=&#8221;middle&#8221;][vc_column width=&#8221;1\/2&#8243; css=&#8221;.vc_custom_1666619138157{margin-top: 0px !important;margin-right: 0px !important;margin-bottom: 0px !important;margin-left: 0px !important;background-color: #2f425d !important;}&#8221;][vc_column_text css=&#8221;.vc_custom_1669799531962{padding-top: 20px !important;padding-right: 20px !important;padding-bottom: 20px !important;padding-left: 20px !important;}&#8221;] He was born in U\u015fak in 1977 and grew up in different cities in Turkey due to his father&#8217;s work. He received his medical degree from Izmir Dokuz Eylul University Training and Research Hospital in 2001. He completed his orthopedics and traumatology specialization training in the same hospital and became an orthopedics and traumatology specialist in January 2008. . Although prosthetic surgery and arthroscopic joint surgery [&hellip;]<\/p>\n","protected":false},"author":1,"featured_media":0,"parent":0,"menu_order":0,"comment_status":"closed","ping_status":"closed","template":"","meta":{"footnotes":""},"class_list":["post-332","page","type-page","status-publish","hentry"],"_links":{"self":[{"href":"https:\/\/drozgurbinbas.com\/en\/wp-json\/wp\/v2\/pages\/332","targetHints":{"allow":["GET"]}}],"collection":[{"href":"https:\/\/drozgurbinbas.com\/en\/wp-json\/wp\/v2\/pages"}],"about":[{"href":"https:\/\/drozgurbinbas.com\/en\/wp-json\/wp\/v2\/types\/page"}],"author":[{"embeddable":true,"href":"https:\/\/drozgurbinbas.com\/en\/wp-json\/wp\/v2\/users\/1"}],"replies":[{"embeddable":true,"href":"https:\/\/drozgurbinbas.com\/en\/wp-json\/wp\/v2\/comments?post=332"}],"version-history":[{"count":6,"href":"https:\/\/drozgurbinbas.com\/en\/wp-json\/wp\/v2\/pages\/332\/revisions"}],"predecessor-version":[{"id":368,"href":"https:\/\/drozgurbinbas.com\/en\/wp-json\/wp\/v2\/pages\/332\/revisions\/368"}],"wp:attachment":[{"href":"https:\/\/drozgurbinbas.com\/en\/wp-json\/wp\/v2\/media?parent=332"}],"curies":[{"name":"wp","href":"https:\/\/api.w.org\/{rel}","templated":true}]}}