{"id":339,"date":"2022-11-14T12:16:25","date_gmt":"2022-11-14T09:16:25","guid":{"rendered":"https:\/\/drozgurbinbas.com\/kisisel-verilerin-elde-edilmesi-ve-islenmesi-ile-ilgili-bilgilendirme-formukvkk-bildirimi\/"},"modified":"2022-11-30T13:07:58","modified_gmt":"2022-11-30T10:07:58","slug":"kisisel-verilerin-elde-edilmesi-ve-islenmesi-ile-ilgili-bilgilendirme-formukvkk-bildirimi","status":"publish","type":"page","link":"https:\/\/drozgurbinbas.com\/en\/kisisel-verilerin-elde-edilmesi-ve-islenmesi-ile-ilgili-bilgilendirme-formukvkk-bildirimi\/","title":{"rendered":"K\u0130\u015e\u0130SEL VER\u0130LER\u0130N ELDE ED\u0130LMES\u0130 VE \u0130\u015eLENMES\u0130 \u0130LE \u0130LG\u0130L\u0130 B\u0130LG\u0130LEND\u0130RME FORMU"},"content":{"rendered":"\n<p>Ki\u015fisel verileriniz, <a href=\"https:\/\/www.drcangemalmaz.com\/\">www.<\/a><a href=\"https:\/\/www.drozgurbinbas.com\/\" data-type=\"URL\" data-id=\"https:\/\/www.drozgurbinbas.com\/\">drozgurbinbas.com<\/a> sitesi taraf\u0131ndan ve sitenin sahibi Dr. \u00d6zg\u00fcr Binba\u015f ve kendisinin sa\u011fl\u0131k hizmeti sunabilmesi i\u00e7in gerekli yard\u0131mc\u0131 personel de dahil olacak \u015fekilde, 6698 say\u0131l\u0131 Ki\u015fisel Verilerin Korunmas\u0131 Kanunu ve ilgili mevzuat kapsam\u0131nda, a\u015fa\u011f\u0131da a\u00e7\u0131klanan \u00e7er\u00e7evede ve 3359 say\u0131l\u0131 Sa\u011fl\u0131k Hizmetleri Temel Kanunu, 663 say\u0131l\u0131 Sa\u011fl\u0131k Bakanl\u0131\u011f\u0131 ve Ba\u011fl\u0131 Kurulu\u015flar\u0131n\u0131n Te\u015fkilat ve G\u00f6revleri Hakk\u0131nda Kanun H\u00fckm\u00fcnde Kararname, Sa\u011fl\u0131k Bakanl\u0131\u011f\u0131 d\u00fczenlemeleri ve di\u011fer mevzuata uygun olarak i\u015flenebilecektir.<\/p>\n\n\n\n<h2 class=\"wp-block-heading\">1. Ki\u015fisel Verilerin elde Edilmesi, \u0130\u015flenmesi ve \u0130\u015fleme Ama\u00e7lar\u0131<\/h2>\n\n\n\n<p>Ki\u015fisel verileriniz <a href=\"https:\/\/www.drozgurbinbas.com\/\" data-type=\"URL\" data-id=\"https:\/\/www.drozgurbinbas.com\/\"><\/a><a href=\"https:\/\/www.drcangemalmaz.com\/\">www.<\/a><a href=\"https:\/\/www.drozgurbinbas.com\/\" data-type=\"URL\" data-id=\"https:\/\/www.drozgurbinbas.com\/\">drozgurbinbas.com<\/a> sitesi ve Dr. \u00d6zg\u00fcr Binba\u015f taraf\u0131ndan sa\u011flanmakta olan t\u0131bbi te\u015fhis, tedavi ve bak\u0131m hizmetlerinin y\u00fcr\u00fct\u00fclmesi, sa\u011fl\u0131k hizmetlerinin planlanmas\u0131 ama\u00e7lar\u0131yla; s\u00f6zl\u00fc, yaz\u0131l\u0131, g\u00f6rsel ya da elektronik ortamda, \u00e7a\u011fr\u0131 merkezi, internet sitesi, s\u00f6zl\u00fc, yaz\u0131l\u0131 ve benzeri kanallar arac\u0131l\u0131\u011f\u0131yla elde edilmektedir. Sa\u011fl\u0131k verileriniz ve ki\u015fisel verileriniz, Dr. \u00d6zg\u00fcr Binba\u015f taraf\u0131ndan a\u015fa\u011f\u0131da yer alanlar dahil ve bunlarla s\u0131n\u0131rl\u0131 olmamak kayd\u0131yla t\u0131bbi ama\u00e7lar ile ba\u011flant\u0131l\u0131 \u015fekilde i\u015flenebilmektedir:<\/p>\n\n\n\n<ul class=\"wp-block-list\">\n<li><strong>Kimlik bilgileriniz:<\/strong>&nbsp;Ad\u0131n\u0131z, Soyad\u0131n\u0131z, T.C. Kimlik numaran\u0131z, pasaport numaran\u0131z veya ge\u00e7ici TC Kimlik numaran\u0131z, do\u011fum yeri ve tarihiniz, medeni haliniz, cinsiyetiniz, sigorta veya hasta protokol numaran\u0131z ve sizi tan\u0131mlayabilece\u011fimiz di\u011fer kimlik verileriniz.<\/li>\n\n\n\n<li><strong>\u0130leti\u015fim Bilgileriniz:<\/strong>&nbsp;Adresiniz, telefon numaran\u0131z, elektronik posta adresiniz, di\u011fer ileti\u015fim verileriniz ve elektronik posta, mektup veya di\u011fer vas\u0131talar arac\u0131l\u0131\u011f\u0131 ile taraf\u0131m\u0131zla ileti\u015fime ge\u00e7ti\u011finizde elde edilen ki\u015fisel verileriniz.<\/li>\n\n\n\n<li>Sa\u011fl\u0131k hizmetlerinin finansman\u0131 ve planlamas\u0131 amac\u0131yla \u00f6zel sa\u011fl\u0131k sigortas\u0131na ili\u015fkin verileriniz ve Sosyal G\u00fcvenlik Kurumu verileriniz.<\/li>\n\n\n\n<li><strong>Sa\u011fl\u0131k Bilgileriniz:&nbsp;<\/strong>Laboratuvar sonu\u00e7lar\u0131n\u0131z, test sonu\u00e7lar\u0131n\u0131z, muayene verileriniz, randevu bilgileriniz, re\u00e7ete bilgileriniz dahil ancak bunlarla s\u0131n\u0131rl\u0131 olmaks\u0131z\u0131n t\u0131bbi te\u015fhis, tedavi ve bak\u0131m hizmetlerinin y\u00fcr\u00fct\u00fclmesi s\u0131ras\u0131nda veya bunlar\u0131n bir sonucu olarak elde edilen her t\u00fcrl\u00fc sa\u011fl\u0131kla ilgili ki\u015fisel verileriniz.<\/li>\n\n\n\n<li><a href=\"https:\/\/www.drcangemalmaz.com\/\">www.<\/a><a href=\"https:\/\/www.drozgurbinbas.com\/\" data-type=\"URL\" data-id=\"https:\/\/www.drozgurbinbas.com\/\">drozgurbinbas.com<\/a> sitesine ve site i\u00e7eri\u011finde bulunan sayfalar ve formlar \u00fczerinden g\u00f6nderdi\u011finiz veya girdi\u011finiz sa\u011fl\u0131k verileriniz ve di\u011fer ki\u015fisel verileriniz.<\/li>\n\n\n\n<li>WhatsApp uygulamas\u0131 (veya benzeri yaz\u0131\u015fma uygulamalar\u0131) ya da eposta yoluyla ula\u015farak yap\u0131lacak g\u00f6r\u00fc\u015fme sonucunda elde edilen ki\u015fisel verileriniz.<\/li>\n\n\n\n<li>Sosyal medya \u00fczerinden yap\u0131lan tan\u0131t\u0131m ve reklam \u00fczerinden \u201cbize ula\u015f\u0131n\u201d veya \u201cbilgi al\u0131n\u201d gibi paneller arac\u0131l\u0131\u011f\u0131 ile yap\u0131lan ba\u015fvurular sonucunda elde edilen ki\u015fisel verileriniz.<\/li>\n<\/ul>\n\n\n\n<p><a href=\"https:\/\/www.drcangemalmaz.com\/\">www.<\/a><a href=\"https:\/\/www.drozgurbinbas.com\/\" data-type=\"URL\" data-id=\"https:\/\/www.drozgurbinbas.com\/\">drozgurbinbas.com<\/a> sitesi taraf\u0131ndan elde edilen her t\u00fcrl\u00fc ki\u015fisel veriniz (\u00d6zel nitelikli ki\u015fisel veriler de dahil fakat bunlarla s\u0131n\u0131rl\u0131 olmamak kayd\u0131yla) a\u015fa\u011f\u0131daki ama\u00e7lar ile i\u015flenebilecektir:<\/p>\n\n\n\n<ul class=\"wp-block-list\">\n<li>Kimli\u011finizi teyit etme,<\/li>\n\n\n\n<li>T\u0131bbi te\u015fhis, tedavi ve bak\u0131m hizmetlerinin y\u00fcr\u00fct\u00fclmesi, sa\u011fl\u0131k hizmetleri planlanmas\u0131.<\/li>\n\n\n\n<li>\u0130lgili mevzuat uyar\u0131nca Sa\u011fl\u0131k Bakanl\u0131\u011f\u0131 ve di\u011fer kamu kurum ve kurulu\u015flar\u0131 ile talep edilen bilgilerin payla\u015f\u0131lmas\u0131.<\/li>\n\n\n\n<li>Randevu alman\u0131z halinde randevu hakk\u0131nda sizi haberdar edebilme.<\/li>\n\n\n\n<li>Sa\u011fl\u0131k hizmetlerini geli\u015ftirme amac\u0131yla analiz yapma.<\/li>\n\n\n\n<li>Ara\u015ft\u0131rma yap\u0131lmas\u0131.<\/li>\n\n\n\n<li>Yasal ve d\u00fczenleyici gereksinimlerin yerine getirilmesi.<\/li>\n\n\n\n<li>Sa\u011fl\u0131k hizmetlerinin finansman\u0131 kapsam\u0131nda \u00f6zel sigorta \u015firketler ile talep edilen bilgileri payla\u015fma.<\/li>\n\n\n\n<li>Hizmetlerimiz kar\u015f\u0131l\u0131\u011f\u0131nda faturaland\u0131rma yap\u0131lmas\u0131.<\/li>\n<\/ul>\n\n\n\n<p>\u0130lgili mevzuat uyar\u0131nca <a href=\"https:\/\/www.drozgurbinbas.com\/\" data-type=\"URL\" data-id=\"https:\/\/www.drozgurbinbas.com\/\"><\/a><a href=\"https:\/\/www.drcangemalmaz.com\/\">www.<\/a><a href=\"https:\/\/www.drozgurbinbas.com\/\" data-type=\"URL\" data-id=\"https:\/\/www.drozgurbinbas.com\/\">drozgurbinbas.com<\/a> sitesi \u00fczerinden elde edilen ve i\u015flenen ki\u015fisel verileriniz, b\u00fcy\u00fck bir hassasiyetle ve mevzuat h\u00fck\u00fcmlerine tam riayet ederek fiziki ve elektronik ortamlarda her t\u00fcrl\u00fc idari ve teknik tedbirler al\u0131narak korunmaktad\u0131r.<\/p>\n\n\n\n<h2 class=\"wp-block-heading\">2. Ki\u015fisel Verilerin Aktar\u0131lmas\u0131<\/h2>\n\n\n\n<p>Ki\u015fisel verileriniz, Kanun ve di\u011fer mevzuat kapsam\u0131nda ve yukar\u0131da yer verilen ama\u00e7larla Dr. \u00d6zg\u00fcr Binba\u015f ve hizmet sunarken birlikte \u00e7al\u0131\u015ft\u0131\u011f\u0131 ki\u015filer, \u00d6zel sigorta \u015firketleri, Sa\u011fl\u0131k bakanl\u0131\u011f\u0131 ve ba\u011fl\u0131 alt birimleri, Sosyal G\u00fcvenlik Kurumu, Emniyet Genel M\u00fcd\u00fcrl\u00fc\u011f\u00fc ve di\u011fer kolluk kuvvetleri, N\u00fcfus Genel M\u00fcd\u00fcrl\u00fc\u011f\u00fc, T\u00fcrkiye Eczac\u0131lar Birli\u011fi, Mahkemeler ve her t\u00fcrl\u00fc yarg\u0131 makam\u0131, merkezi ve di\u011fer \u00fc\u00e7\u00fcnc\u00fc ki\u015filer, yetki vermi\u015f oldu\u011funuz temsilcileriniz, avukatlar, vergi ve finans dan\u0131\u015fmanlar\u0131 ve denet\u00e7iler de dahil olmak \u00fczere dan\u0131\u015fmanl\u0131k ald\u0131\u011f\u0131m\u0131z \u00fc\u00e7\u00fcnc\u00fc ki\u015filer, d\u00fczenleyici ve denetleyici kurumlar, resmi merciler dahil sa\u011fl\u0131k hizmetlerini yukar\u0131da belirtilen ama\u00e7larla geli\u015ftirmek veya y\u00fcr\u00fctmek \u00fczere i\u015fbirli\u011fi yapt\u0131\u011f\u0131m\u0131z i\u015f ortaklar\u0131m\u0131z ve di\u011fer \u00fc\u00e7\u00fcnc\u00fc ki\u015filer ile payla\u015f\u0131labilecektir.<\/p>\n\n\n\n<h2 class=\"wp-block-heading\">3. Ki\u015fisel Veri Elde Etmenin Y\u00f6ntemi ve Hukuki Sebebi<\/h2>\n\n\n\n<p>Ki\u015fisel verileriniz, her t\u00fcrl\u00fc s\u00f6zl\u00fc, yaz\u0131l\u0131, g\u00f6rsel ya da elektronik ortamda, yukar\u0131da yer verilen ama\u00e7lar ve <a href=\"https:\/\/www.drcangemalmaz.com\/\">www.<\/a><a href=\"https:\/\/www.drozgurbinbas.com\/\" data-type=\"URL\" data-id=\"https:\/\/www.drozgurbinbas.com\/\">drozgurbinbas.com<\/a> sitesi ve Dr. \u00d6zg\u00fcr Binba\u015f\u2019\u0131n faaliyet konusuna dahil her t\u00fcrl\u00fc i\u015fin yasal \u00e7er\u00e7evede y\u00fcr\u00fct\u00fclebilmesi ve bu kapsamda Dr. \u00d6zg\u00fcr Binba\u015f\u2019\u0131n s\u00f6zle\u015fme ve kanuni y\u00fck\u00fcml\u00fcl\u00fcklerini tam olarak yerine getirebilmesi i\u00e7in toplanmakta ve i\u015flenmektedir. Ki\u015fisel verilerinizin toplanmas\u0131n\u0131n hukuki dayana\u011f\u0131;<\/p>\n\n\n\n<ul class=\"wp-block-list\">\n<li>6698 say\u0131l\u0131 Ki\u015fisel Verilerin Korunmas\u0131 Kanunu,<\/li>\n\n\n\n<li>3359 say\u0131l\u0131 Sa\u011fl\u0131k Hizmetleri Temel Kanunu,<\/li>\n\n\n\n<li>663 say\u0131l\u0131 Sa\u011fl\u0131k Bakanl\u0131\u011f\u0131 ve Ba\u011fl\u0131 Kurulu\u015flar\u0131n\u0131n Te\u015fkilat ve G\u00f6revleri Hakk\u0131nda Kanun H\u00fckm\u00fcnde Kararname,<\/li>\n\n\n\n<li>Ki\u015fisel Sa\u011fl\u0131k Verilerinin \u0130\u015flenmesi ve Mahremiyetinin Korunmas\u0131 Y\u00f6netmeli\u011fi,<\/li>\n\n\n\n<li>Sa\u011fl\u0131k Bakanl\u0131\u011f\u0131 d\u00fczenlemeleri ve di\u011fer mevzuat h\u00fck\u00fcmleridir.<\/li>\n<\/ul>\n\n\n\n<p>Ayr\u0131ca, Kanun\u2019un 6. maddesi 3. f\u0131kras\u0131nda da belirtildi\u011fi \u00fczere sa\u011fl\u0131kla ilgili ki\u015fisel veriler t\u0131bb\u0131 te\u015fhis, tedavi ve bak\u0131m hizmetlerinin y\u00fcr\u00fct\u00fclmesi, sa\u011fl\u0131k hizmetleri ile finansman\u0131n\u0131n planlanmas\u0131 ve y\u00f6netimi amac\u0131yla, s\u0131r olarak saklama y\u00fck\u00fcml\u00fcl\u00fc\u011f\u00fc \u015fart ko\u015fulan ki\u015filer ve kanunlarla yetkili k\u0131l\u0131nm\u0131\u015f kurum ve kurulu\u015flar taraf\u0131ndan ilgilinin a\u00e7\u0131k r\u0131zas\u0131 aranmaks\u0131z\u0131n i\u015flenebilir.<\/p>\n\n\n\n<h2 class=\"wp-block-heading\">4. Ki\u015fisel Verilerin Korunmas\u0131na Y\u00f6nelik Haklar\u0131n\u0131z<\/h2>\n\n\n\n<p>Kanun ve ilgili mevzuatlar uyar\u0131nca;<\/p>\n\n\n\n<ul class=\"wp-block-list\">\n<li>Ki\u015fisel veri i\u015flenip i\u015flenmedi\u011fini \u00f6\u011frenme,<\/li>\n\n\n\n<li>Ki\u015fisel veriler i\u015flenmi\u015fse buna ili\u015fkin bilgi talep etme,<\/li>\n\n\n\n<li>Ki\u015fisel sa\u011fl\u0131k verilerine eri\u015fim ve bu verileri isteme,<\/li>\n\n\n\n<li>Ki\u015fisel verilerin i\u015flenme amac\u0131n\u0131 ve bunlar\u0131n amac\u0131na uygun kullan\u0131l\u0131p kullan\u0131lmad\u0131\u011f\u0131n\u0131 \u00f6\u011frenme,<\/li>\n\n\n\n<li>Yurt i\u00e7inde veya yurt d\u0131\u015f\u0131nda ki\u015fisel verilerin aktar\u0131ld\u0131\u011f\u0131 \u00fc\u00e7\u00fcnc\u00fc ki\u015fileri bilme,<\/li>\n\n\n\n<li>Ki\u015fisel verilerin eksik veya yanl\u0131\u015f i\u015flenmi\u015f olmas\u0131 halinde bunlar\u0131n d\u00fczeltilmesini isteme,<\/li>\n\n\n\n<li>Ki\u015fisel verilerin silinmesini veya yok edilmesini isteme,<\/li>\n\n\n\n<li>Ki\u015fisel verilerin eksik veya yanl\u0131\u015f i\u015flenmi\u015f olmas\u0131 halinde bunlar\u0131n d\u00fczeltilmesine ve\/veya ki\u015fisel verilerin silinmesine veya yok edilmesine ili\u015fkin i\u015flemlerin ki\u015fisel verilerin aktar\u0131ld\u0131\u011f\u0131 \u00fc\u00e7\u00fcnc\u00fc ki\u015filere bildirilmesini isteme,<\/li>\n\n\n\n<li>\u0130\u015flenen verilerin m\u00fcnhas\u0131ran otomatik sistemler vas\u0131tas\u0131yla analiz edilmesi suretiyle ki\u015finin kendisi aleyhine bir sonucun ortaya \u00e7\u0131kmas\u0131na itiraz etme hakk\u0131na haizsiniz.<\/li>\n<\/ul>\n\n\n\n<p>Bu haklar\u0131n\u0131z\u0131 kullanman\u0131z halinde ilgili bilgi taraf\u0131n\u0131za, a\u00e7\u0131k ve anla\u015f\u0131labilir bir \u015fekilde yaz\u0131l\u0131 olarak ya da elektronik ortamda, taraf\u0131n\u0131zca sa\u011flanan ileti\u015fim bilgileri yoluyla, bildirilir.<\/p>\n\n\n\n<h2 class=\"wp-block-heading\">5. Veri G\u00fcvenli\u011fi<\/h2>\n\n\n\n<p><a href=\"https:\/\/www.drozgurbinbas.com\/\" data-type=\"URL\" data-id=\"https:\/\/www.drozgurbinbas.com\/\"><\/a><a href=\"https:\/\/www.drcangemalmaz.com\/\">www.<\/a><a href=\"https:\/\/www.drozgurbinbas.com\/\" data-type=\"URL\" data-id=\"https:\/\/www.drozgurbinbas.com\/\">drozgurbinbas.com<\/a> sitesi ve Dr. \u00d6zg\u00fcr Binba\u015f, ki\u015fisel verilerinizi bilinen bilgi g\u00fcvenli\u011fi standartlar\u0131 ve prosed\u00fcrlerine uygun olarak ve al\u0131nmas\u0131 gereken t\u00fcm teknik tedbirler g\u00f6zetilerek korumaktad\u0131r. S\u00f6z konusu g\u00fcvenlik tedbirleri, teknolojik imkanlar da g\u00f6z \u00f6n\u00fcnde bulundurularak muhtemel riske uygun bir d\u00fczeyde sa\u011flanmaktad\u0131r.<\/p>\n\n\n\n<h2 class=\"wp-block-heading\">6. \u015eikayet ve \u0130leti\u015fim<\/h2>\n\n\n\n<p>Ki\u015fisel verileriniz teknik ve idari imkanlar dahilinde titizlikle korunmakta ve gerekli g\u00fcvenlik tedbirleri, teknolojik imkanlar da g\u00f6z \u00f6n\u00fcnde bulundurularak olas\u0131 risklere uygun bir d\u00fczeyde sa\u011flanmaktad\u0131r. Kanun kapsam\u0131ndaki taleplerinizi;<\/p>\n\n\n\n<ul class=\"wp-block-list\">\n<li>(i) Atakent Mahallesi Tema \u0130stanbul Sitesi 14 A Blok No 4 K\u00fc\u00e7\u00fck\u00e7ekmece, \u0130stanbul, T\u00fcrkiye adresine kargo ile \u0131slak imzan\u0131z\u0131 ta\u015f\u0131yan bir dilek\u00e7e ile Zarf\u0131na \u201cKi\u015fisel Verilerin Korunmas\u0131 Kanunu Kapsam\u0131nda Bilgi Talebi\u201d yazarak g\u00f6nderebilirsiniz,<\/li>\n\n\n\n<li>(ii) Noter kanal\u0131yla g\u00f6nderebilir,<\/li>\n\n\n\n<li>(iii)<a href=\"mailto:iletisim@drcangemalmaz.com\">\u201c<\/a><a href=\"mailto:info@drozgurbinbas.com\" data-type=\"mailto\" data-id=\"mailto:info@drozgurbinbas.com\">info@drozgurbinbas.com<\/a><a href=\"mailto:iletisim@drcangemalmaz.com\">\u201d<\/a>eposta adresine \u201cKi\u015fisel Verilerin Korunmas\u0131 Kanunu Uyar\u0131nca Ba\u015fvuru\u201d ba\u015fl\u0131\u011f\u0131 alt\u0131nda elektronik ya da mobil imzal\u0131 olarak, kay\u0131tl\u0131 elektronik posta adresi veya sistemimizde kay\u0131tl\u0131 elektronik e-posta adresiniz arac\u0131l\u0131\u011f\u0131yla iletebilirsiniz.<\/li>\n<\/ul>\n","protected":false},"excerpt":{"rendered":"<p>Ki\u015fisel verileriniz, www.drozgurbinbas.com sitesi taraf\u0131ndan ve sitenin sahibi Dr. \u00d6zg\u00fcr Binba\u015f ve kendisinin sa\u011fl\u0131k hizmeti sunabilmesi i\u00e7in gerekli yard\u0131mc\u0131 personel de dahil olacak \u015fekilde, 6698 say\u0131l\u0131 Ki\u015fisel Verilerin Korunmas\u0131 Kanunu ve ilgili mevzuat kapsam\u0131nda, a\u015fa\u011f\u0131da a\u00e7\u0131klanan \u00e7er\u00e7evede ve 3359 say\u0131l\u0131 Sa\u011fl\u0131k Hizmetleri Temel Kanunu, 663 say\u0131l\u0131 Sa\u011fl\u0131k Bakanl\u0131\u011f\u0131 ve Ba\u011fl\u0131 Kurulu\u015flar\u0131n\u0131n Te\u015fkilat ve G\u00f6revleri Hakk\u0131nda Kanun H\u00fckm\u00fcnde Kararname, Sa\u011fl\u0131k Bakanl\u0131\u011f\u0131 d\u00fczenlemeleri ve di\u011fer mevzuata uygun olarak i\u015flenebilecektir. 1. Ki\u015fisel Verilerin elde Edilmesi, \u0130\u015flenmesi ve \u0130\u015fleme Ama\u00e7lar\u0131 Ki\u015fisel verileriniz www.drozgurbinbas.com sitesi ve Dr. \u00d6zg\u00fcr Binba\u015f taraf\u0131ndan sa\u011flanmakta olan t\u0131bbi te\u015fhis, tedavi ve bak\u0131m hizmetlerinin y\u00fcr\u00fct\u00fclmesi, sa\u011fl\u0131k hizmetlerinin planlanmas\u0131 ama\u00e7lar\u0131yla; s\u00f6zl\u00fc, yaz\u0131l\u0131, [&hellip;]<\/p>\n","protected":false},"author":1,"featured_media":0,"parent":0,"menu_order":0,"comment_status":"closed","ping_status":"closed","template":"","meta":{"footnotes":""},"class_list":["post-339","page","type-page","status-publish","hentry"],"_links":{"self":[{"href":"https:\/\/drozgurbinbas.com\/en\/wp-json\/wp\/v2\/pages\/339","targetHints":{"allow":["GET"]}}],"collection":[{"href":"https:\/\/drozgurbinbas.com\/en\/wp-json\/wp\/v2\/pages"}],"about":[{"href":"https:\/\/drozgurbinbas.com\/en\/wp-json\/wp\/v2\/types\/page"}],"author":[{"embeddable":true,"href":"https:\/\/drozgurbinbas.com\/en\/wp-json\/wp\/v2\/users\/1"}],"replies":[{"embeddable":true,"href":"https:\/\/drozgurbinbas.com\/en\/wp-json\/wp\/v2\/comments?post=339"}],"version-history":[{"count":2,"href":"https:\/\/drozgurbinbas.com\/en\/wp-json\/wp\/v2\/pages\/339\/revisions"}],"predecessor-version":[{"id":369,"href":"https:\/\/drozgurbinbas.com\/en\/wp-json\/wp\/v2\/pages\/339\/revisions\/369"}],"wp:attachment":[{"href":"https:\/\/drozgurbinbas.com\/en\/wp-json\/wp\/v2\/media?parent=339"}],"curies":[{"name":"wp","href":"https:\/\/api.w.org\/{rel}","templated":true}]}}